{"id":97,"date":"2022-07-05T18:11:44","date_gmt":"2022-07-05T16:11:44","guid":{"rendered":"http:\/\/cagnesvolley.com\/?page_id=97"},"modified":"2025-07-28T11:57:24","modified_gmt":"2025-07-28T09:57:24","slug":"les-tarifs-2022-2023","status":"publish","type":"page","link":"https:\/\/cagnesvolley.com\/index.php\/les-tarifs-2022-2023\/","title":{"rendered":"TARIFS POUR LA SAISON 2025\/2026"},"content":{"rendered":"\n<p>Vous pouvez r\u00e9gler par virement bancaire sur l&rsquo;IBAN mentionn\u00e9 sur le document ci-dessous ou par carte de cr\u00e9dit en suivant le lien ci-dessous et en fonction de la cat\u00e9gorie du licenci\u00e9.<\/p>\n\n\n\n<p><a href=\"https:\/\/www.helloasso.com\/associations\/us-cagnes-volley-ball\/evenements\/inscription-2025-2026\">https:\/\/www.helloasso.com\/associations\/us-cagnes-volley-ball\/evenements\/inscription-2025-2026<\/a><\/p>\n\n\n\n<p>LES PRECISIONS SUR LES TAILLES, LES NUMEROS ET LES NOMS SONT A PRECISER AUX ENTRAINEURS.<\/p>\n\n\n\n<div data-wp-interactive=\"core\/file\" class=\"wp-block-file\"><object data-wp-bind--hidden=\"!state.hasPdfPreview\" hidden class=\"wp-block-file__embed\" data=\"https:\/\/cagnesvolley.com\/wp-content\/uploads\/2025\/07\/TARIFS-USC-2025-2026.xlsx-DEF.pdf\" type=\"application\/pdf\" style=\"width:100%;height:600px\" aria-label=\"Contenu embarqu\u00e9 TARIFS USC 2025 2026.xlsx - DEF.\"><\/object><a id=\"wp-block-file--media-d2ab4e86-0145-4873-97ce-796b1bef8ac1\" href=\"https:\/\/cagnesvolley.com\/wp-content\/uploads\/2025\/07\/TARIFS-USC-2025-2026.xlsx-DEF.pdf\">TARIFS USC 2025 2026.xlsx &#8211; DEF<\/a><a href=\"https:\/\/cagnesvolley.com\/wp-content\/uploads\/2025\/07\/TARIFS-USC-2025-2026.xlsx-DEF.pdf\" class=\"wp-block-file__button wp-element-button\" download aria-describedby=\"wp-block-file--media-d2ab4e86-0145-4873-97ce-796b1bef8ac1\">T\u00e9l\u00e9charger<\/a><\/div>\n\n\n\n<div data-wp-interactive=\"core\/file\" class=\"wp-block-file\"><object data-wp-bind--hidden=\"!state.hasPdfPreview\" hidden class=\"wp-block-file__embed\" data=\"http:\/\/cagnesvolley.com\/wp-content\/uploads\/2023\/08\/TARIFS-USC-2023-2024-12-2.pdf\" type=\"application\/pdf\" style=\"width:100%;height:600px\" aria-label=\"Contenu embarqu\u00e9 TARIFS USC 2023 2024 (12).\"><\/object><a id=\"wp-block-file--media-002cb1a9-c49b-469a-a989-749c5f83a16a\" href=\"http:\/\/cagnesvolley.com\/wp-content\/uploads\/2023\/08\/TARIFS-USC-2023-2024-12-2.pdf\">TARIFS USC 2023 2024 (12)<\/a><a href=\"http:\/\/cagnesvolley.com\/wp-content\/uploads\/2023\/08\/TARIFS-USC-2023-2024-12-2.pdf\" class=\"wp-block-file__button wp-element-button\" download aria-describedby=\"wp-block-file--media-002cb1a9-c49b-469a-a989-749c5f83a16a\">Download<\/a><\/div>\n","protected":false},"excerpt":{"rendered":"<p>Vous pouvez r\u00e9gler par virement bancaire sur l&rsquo;IBAN mentionn\u00e9 sur le document ci-dessous ou par carte de cr\u00e9dit en suivant le lien ci-dessous et en fonction de la cat\u00e9gorie du licenci\u00e9. https:\/\/www.helloasso.com\/associations\/us-cagnes-volley-ball\/evenements\/inscription-2025-2026 LES PRECISIONS SUR LES TAILLES, LES NUMEROS ET LES NOMS SONT A PRECISER AUX ENTRAINEURS.<\/p>\n","protected":false},"author":1,"featured_media":0,"parent":0,"menu_order":0,"comment_status":"closed","ping_status":"closed","template":"","meta":{"footnotes":""},"class_list":["post-97","page","type-page","status-publish","hentry"],"_links":{"self":[{"href":"https:\/\/cagnesvolley.com\/index.php\/wp-json\/wp\/v2\/pages\/97","targetHints":{"allow":["GET"]}}],"collection":[{"href":"https:\/\/cagnesvolley.com\/index.php\/wp-json\/wp\/v2\/pages"}],"about":[{"href":"https:\/\/cagnesvolley.com\/index.php\/wp-json\/wp\/v2\/types\/page"}],"author":[{"embeddable":true,"href":"https:\/\/cagnesvolley.com\/index.php\/wp-json\/wp\/v2\/users\/1"}],"replies":[{"embeddable":true,"href":"https:\/\/cagnesvolley.com\/index.php\/wp-json\/wp\/v2\/comments?post=97"}],"version-history":[{"count":15,"href":"https:\/\/cagnesvolley.com\/index.php\/wp-json\/wp\/v2\/pages\/97\/revisions"}],"predecessor-version":[{"id":463,"href":"https:\/\/cagnesvolley.com\/index.php\/wp-json\/wp\/v2\/pages\/97\/revisions\/463"}],"wp:attachment":[{"href":"https:\/\/cagnesvolley.com\/index.php\/wp-json\/wp\/v2\/media?parent=97"}],"curies":[{"name":"wp","href":"https:\/\/api.w.org\/{rel}","templated":true}]}}