{"id":68,"date":"2022-07-05T17:18:18","date_gmt":"2022-07-05T15:18:18","guid":{"rendered":"http:\/\/cagnesvolley.com\/?page_id=68"},"modified":"2022-07-08T15:10:19","modified_gmt":"2022-07-08T13:10:19","slug":"le-club","status":"publish","type":"page","link":"https:\/\/cagnesvolley.com\/index.php\/le-club\/","title":{"rendered":"LE CLUB"},"content":{"rendered":"\n<p><strong>US CAGNES VOLLEY BALL<\/strong><\/p>\n\n\n\n<p>7 avenue de l&rsquo;Hotel de Ville &#8211; 06800 Cagnes-sur-Mer<\/p>\n\n\n\n<p>Siren: 348 480 658 <\/p>\n\n\n\n<p>Siret: 348 480 658 00015<\/p>\n\n\n\n<p>Cat\u00e9gorie juridique: 9220-Association d\u00e9clar\u00e9e<\/p>\n\n\n\n<p>Code activit\u00e9: 9312Z &#8211; Activit\u00e9 de clubs de sports<\/p>\n\n\n\n<p>Enregistr\u00e9e \u00e0 l&rsquo;INSEE le 22\/08\/1988<\/p>\n\n\n\n<figure class=\"wp-block-gallery has-nested-images columns-default is-cropped wp-block-gallery-1 is-layout-flex wp-block-gallery-is-layout-flex\">\n<figure class=\"wp-block-image size-large\"><img decoding=\"async\" data-id=\"134\" src=\"http:\/\/cagnesvolley.com\/wp-content\/uploads\/2022\/07\/IMG_6927-scaled.jpg\" alt=\"\" class=\"wp-image-134\"\/><\/figure>\n<\/figure>\n\n\n\n<p><\/p>\n\n\n\n<p><\/p>\n","protected":false},"excerpt":{"rendered":"<p>US CAGNES VOLLEY BALL 7 avenue de l&rsquo;Hotel de Ville &#8211; 06800 Cagnes-sur-Mer Siren: 348 480 658 Siret: 348 480 658 00015 Cat\u00e9gorie juridique: 9220-Association d\u00e9clar\u00e9e Code activit\u00e9: 9312Z &#8211; Activit\u00e9 de clubs de sports Enregistr\u00e9e \u00e0 l&rsquo;INSEE le 22\/08\/1988<\/p>\n","protected":false},"author":1,"featured_media":0,"parent":0,"menu_order":0,"comment_status":"closed","ping_status":"closed","template":"","meta":{"footnotes":""},"class_list":["post-68","page","type-page","status-publish","hentry"],"_links":{"self":[{"href":"https:\/\/cagnesvolley.com\/index.php\/wp-json\/wp\/v2\/pages\/68","targetHints":{"allow":["GET"]}}],"collection":[{"href":"https:\/\/cagnesvolley.com\/index.php\/wp-json\/wp\/v2\/pages"}],"about":[{"href":"https:\/\/cagnesvolley.com\/index.php\/wp-json\/wp\/v2\/types\/page"}],"author":[{"embeddable":true,"href":"https:\/\/cagnesvolley.com\/index.php\/wp-json\/wp\/v2\/users\/1"}],"replies":[{"embeddable":true,"href":"https:\/\/cagnesvolley.com\/index.php\/wp-json\/wp\/v2\/comments?post=68"}],"version-history":[{"count":3,"href":"https:\/\/cagnesvolley.com\/index.php\/wp-json\/wp\/v2\/pages\/68\/revisions"}],"predecessor-version":[{"id":136,"href":"https:\/\/cagnesvolley.com\/index.php\/wp-json\/wp\/v2\/pages\/68\/revisions\/136"}],"wp:attachment":[{"href":"https:\/\/cagnesvolley.com\/index.php\/wp-json\/wp\/v2\/media?parent=68"}],"curies":[{"name":"wp","href":"https:\/\/api.w.org\/{rel}","templated":true}]}}