{"id":59,"date":"2022-07-05T17:13:51","date_gmt":"2022-07-05T15:13:51","guid":{"rendered":"http:\/\/cagnesvolley.com\/?page_id=59"},"modified":"2025-07-28T12:23:24","modified_gmt":"2025-07-28T10:23:24","slug":"documents-dinscription","status":"publish","type":"page","link":"https:\/\/cagnesvolley.com\/index.php\/documents-dinscription\/","title":{"rendered":"LES DOCUMENTS D&rsquo;INSCRIPTION 2025\/2026"},"content":{"rendered":"\n<p><strong><em>POUR UNE DEMANDE DE PREMIERE LICENCE, TELECHARGER, COMPLETER ET RETOURNER LES DOCUMENTS SUIVANTS A <a href=\"mailto:uscagnes.volley@gmail.com\">uscagnes.volley@gmail.com<\/a>: <\/em> <\/strong><\/p>\n\n\n\n<ul class=\"wp-block-list\">\n<li><mark style=\"background-color:rgba(0, 0, 0, 0)\" class=\"has-inline-color has-vivid-red-color\">Pour la saison 2025\/2026 <strong>il n&rsquo;y a plus d&rsquo;obligation de fournir un certificat m\u00e9dical<\/strong>. Il convient pour cela d&rsquo;avoir r\u00e9pondu \u00ab\u00a0NON\u00a0\u00bb \u00e0 toutes les questions des questionnaires m\u00e9dicaux* \u00e0 t\u00e9l\u00e9charger ci-dessous.    *Compl\u00e9tez le questionnaires m\u00e9dical en fonction de votre situation, MINEURS ou MAJEURS.<\/mark><\/li>\n\n\n\n<li> <strong>Si vous \u00eates majeurs<\/strong> et que vous avez r\u00e9pondu \u00ab\u00a0OUI\u00a0\u00bb \u00e0 l&rsquo;une des questions du questionnaire m\u00e9dical \u00ab\u00a0majeurs\u00a0\u00bb vous devez produire un certificat m\u00e9dical d\u2019absence de contre indication (CMNCI) \u00e0 la pratique du sport, le cas \u00e9ch\u00e9ant en comp\u00e9tition, datant de moins de 6 mois. <mark style=\"background-color:rgba(0, 0, 0, 0)\" class=\"has-inline-color has-vivid-red-color\">Celui-ci doit \u00eatre joint \u00e0 la demande de licence.<\/mark><\/li>\n\n\n\n<li>Si vous \u00eates mineurs et que vous avez r\u00e9pondu avoir \u00ab\u00a0OUI\u00a0\u00bb, \u00e0 l\u2019une des questions du QS \u2013 FFvolley Mineurs, vous devez produire un certificat m\u00e9dical d\u2019absence de contre indication (CMNCI) \u00e0 la pratique du sport, le cas \u00e9ch\u00e9ant en comp\u00e9tition, datant de moins de 6 mois. <mark style=\"background-color:rgba(0, 0, 0, 0)\" class=\"has-inline-color has-vivid-red-color\">Celui-ci doit \u00eatre joint \u00e0 la demande de licence.<\/mark><\/li>\n\n\n\n<li>Pour tout le monde, la Fiche d&rsquo;Inscription club <strong>(fournir les documents exig\u00e9s dans le tableau)<\/strong>.<\/li>\n\n\n\n<li><strong>La tenue de match \u00e0 45\u20ac short &amp; maillot est en suppl\u00e9ment de la cotisation<\/strong><strong>.<\/strong><\/li>\n\n\n\n<li><a href=\"https:\/\/www.helloasso.com\/associations\/us-cagnes-volley-ball\/evenements\/inscription-2025-2026\" data-type=\"link\" data-id=\"https:\/\/www.helloasso.com\/associations\/us-cagnes-volley-ball\/evenements\/debutant-jusqu-a-moins-de-15-ans-2010\">Lien helloasso pour payer la licence et\/ou les tenues de matchs<\/a><\/li>\n<\/ul>\n\n\n\n<div data-wp-interactive=\"core\/file\" class=\"wp-block-file\"><object data-wp-bind--hidden=\"!state.hasPdfPreview\" hidden class=\"wp-block-file__embed\" data=\"https:\/\/cagnesvolley.com\/wp-content\/uploads\/2025\/07\/FICHE-DE-RENSEIGNEMENTS-CLUB-25-26.pdf\" type=\"application\/pdf\" style=\"width:100%;height:600px\" aria-label=\"Contenu embarqu\u00e9 FICHE DE RENSEIGNEMENTS CLUB 25 26.\"><\/object><a id=\"wp-block-file--media-09e14fcf-5d8c-496f-b259-8572a46cc595\" href=\"https:\/\/cagnesvolley.com\/wp-content\/uploads\/2025\/07\/FICHE-DE-RENSEIGNEMENTS-CLUB-25-26.pdf\">FICHE DE RENSEIGNEMENTS CLUB 25 26<\/a><a href=\"https:\/\/cagnesvolley.com\/wp-content\/uploads\/2025\/07\/FICHE-DE-RENSEIGNEMENTS-CLUB-25-26.pdf\" class=\"wp-block-file__button wp-element-button\" download aria-describedby=\"wp-block-file--media-09e14fcf-5d8c-496f-b259-8572a46cc595\">T\u00e9l\u00e9charger<\/a><\/div>\n\n\n\n<div data-wp-interactive=\"core\/file\" class=\"wp-block-file\"><object data-wp-bind--hidden=\"!state.hasPdfPreview\" hidden class=\"wp-block-file__embed\" data=\"https:\/\/cagnesvolley.com\/wp-content\/uploads\/2025\/07\/FORMULAIRE-USC-2025-2026.pdf\" type=\"application\/pdf\" style=\"width:100%;height:600px\" aria-label=\"Contenu embarqu\u00e9 FORMULAIRE USC  2025 2026.\"><\/object><a id=\"wp-block-file--media-75b7f1f3-4b07-48ab-af4b-fa3a14021c02\" href=\"https:\/\/cagnesvolley.com\/wp-content\/uploads\/2025\/07\/FORMULAIRE-USC-2025-2026.pdf\">FORMULAIRE USC  2025 2026<\/a><a href=\"https:\/\/cagnesvolley.com\/wp-content\/uploads\/2025\/07\/FORMULAIRE-USC-2025-2026.pdf\" class=\"wp-block-file__button wp-element-button\" download aria-describedby=\"wp-block-file--media-75b7f1f3-4b07-48ab-af4b-fa3a14021c02\">T\u00e9l\u00e9charger<\/a><\/div>\n\n\n\n<div data-wp-interactive=\"core\/file\" class=\"wp-block-file\"><object data-wp-bind--hidden=\"!state.hasPdfPreview\" hidden class=\"wp-block-file__embed\" data=\"https:\/\/cagnesvolley.com\/wp-content\/uploads\/2025\/07\/FFvolley_qs_sport_2025-26-MAJEURS.pdf\" type=\"application\/pdf\" style=\"width:100%;height:600px\" aria-label=\"Contenu embarqu\u00e9 FFvolley_qs_sport_2025-26 MAJEURS.\"><\/object><a id=\"wp-block-file--media-275c08eb-ccf8-4374-a7d8-7efaae1fee09\" href=\"https:\/\/cagnesvolley.com\/wp-content\/uploads\/2025\/07\/FFvolley_qs_sport_2025-26-MAJEURS.pdf\">FFvolley_qs_sport_2025-26 MAJEURS<\/a><a href=\"https:\/\/cagnesvolley.com\/wp-content\/uploads\/2025\/07\/FFvolley_qs_sport_2025-26-MAJEURS.pdf\" class=\"wp-block-file__button wp-element-button\" download aria-describedby=\"wp-block-file--media-275c08eb-ccf8-4374-a7d8-7efaae1fee09\">T\u00e9l\u00e9charger<\/a><\/div>\n\n\n\n<div data-wp-interactive=\"core\/file\" class=\"wp-block-file\"><object data-wp-bind--hidden=\"!state.hasPdfPreview\" hidden class=\"wp-block-file__embed\" data=\"https:\/\/cagnesvolley.com\/wp-content\/uploads\/2025\/07\/FFvolley_qs_sport_sportifs_MINEURS_2025-26.pdf\" type=\"application\/pdf\" style=\"width:100%;height:600px\" aria-label=\"Contenu embarqu\u00e9 FFvolley_qs_sport_sportifs_MINEURS_2025-26.\"><\/object><a id=\"wp-block-file--media-74f2120a-b9d9-4521-bcf2-5311698ca80e\" href=\"https:\/\/cagnesvolley.com\/wp-content\/uploads\/2025\/07\/FFvolley_qs_sport_sportifs_MINEURS_2025-26.pdf\">FFvolley_qs_sport_sportifs_MINEURS_2025-26<\/a><a href=\"https:\/\/cagnesvolley.com\/wp-content\/uploads\/2025\/07\/FFvolley_qs_sport_sportifs_MINEURS_2025-26.pdf\" class=\"wp-block-file__button wp-element-button\" download aria-describedby=\"wp-block-file--media-74f2120a-b9d9-4521-bcf2-5311698ca80e\">T\u00e9l\u00e9charger<\/a><\/div>\n\n\n\n<div data-wp-interactive=\"core\/file\" class=\"wp-block-file\"><object data-wp-bind--hidden=\"!state.hasPdfPreview\" hidden class=\"wp-block-file__embed\" data=\"https:\/\/cagnesvolley.com\/wp-content\/uploads\/2025\/07\/TARIFS-USC-2025-2026.xlsx-DEF-1.pdf\" type=\"application\/pdf\" style=\"width:100%;height:600px\" aria-label=\"Contenu embarqu\u00e9 TARIFS USC 2025 2026.xlsx - DEF.\"><\/object><a id=\"wp-block-file--media-cbbb3685-2d77-4659-8a45-8c9c127d5180\" href=\"https:\/\/cagnesvolley.com\/wp-content\/uploads\/2025\/07\/TARIFS-USC-2025-2026.xlsx-DEF-1.pdf\">TARIFS USC 2025 2026.xlsx &#8211; DEF<\/a><a href=\"https:\/\/cagnesvolley.com\/wp-content\/uploads\/2025\/07\/TARIFS-USC-2025-2026.xlsx-DEF-1.pdf\" class=\"wp-block-file__button wp-element-button\" download aria-describedby=\"wp-block-file--media-cbbb3685-2d77-4659-8a45-8c9c127d5180\">T\u00e9l\u00e9charger<\/a><\/div>\n","protected":false},"excerpt":{"rendered":"<p>POUR UNE DEMANDE DE PREMIERE LICENCE, TELECHARGER, COMPLETER ET RETOURNER LES DOCUMENTS SUIVANTS A uscagnes.volley@gmail.com:<\/p>\n","protected":false},"author":1,"featured_media":0,"parent":0,"menu_order":0,"comment_status":"closed","ping_status":"closed","template":"","meta":{"footnotes":""},"class_list":["post-59","page","type-page","status-publish","hentry"],"_links":{"self":[{"href":"https:\/\/cagnesvolley.com\/index.php\/wp-json\/wp\/v2\/pages\/59","targetHints":{"allow":["GET"]}}],"collection":[{"href":"https:\/\/cagnesvolley.com\/index.php\/wp-json\/wp\/v2\/pages"}],"about":[{"href":"https:\/\/cagnesvolley.com\/index.php\/wp-json\/wp\/v2\/types\/page"}],"author":[{"embeddable":true,"href":"https:\/\/cagnesvolley.com\/index.php\/wp-json\/wp\/v2\/users\/1"}],"replies":[{"embeddable":true,"href":"https:\/\/cagnesvolley.com\/index.php\/wp-json\/wp\/v2\/comments?post=59"}],"version-history":[{"count":27,"href":"https:\/\/cagnesvolley.com\/index.php\/wp-json\/wp\/v2\/pages\/59\/revisions"}],"predecessor-version":[{"id":472,"href":"https:\/\/cagnesvolley.com\/index.php\/wp-json\/wp\/v2\/pages\/59\/revisions\/472"}],"wp:attachment":[{"href":"https:\/\/cagnesvolley.com\/index.php\/wp-json\/wp\/v2\/media?parent=59"}],"curies":[{"name":"wp","href":"https:\/\/api.w.org\/{rel}","templated":true}]}}