{"id":124,"date":"2022-07-05T19:27:31","date_gmt":"2022-07-05T17:27:31","guid":{"rendered":"http:\/\/cagnesvolley.com\/?page_id=124"},"modified":"2025-08-30T19:45:20","modified_gmt":"2025-08-30T17:45:20","slug":"vos-contacts-au-club","status":"publish","type":"page","link":"https:\/\/cagnesvolley.com\/index.php\/vos-contacts-au-club\/","title":{"rendered":"VOS CONTACTS AU CLUB"},"content":{"rendered":"\n<p>Nous avons tous une activit\u00e9 professionnelle en dehors du club. Nous vous remercions de privil\u00e9gier les \u00e9changes par emails qui nous permettent de r\u00e9pondre&#8230; lorsque nous sommes disponibles.<\/p>\n\n\n\n<hr class=\"wp-block-separator has-alpha-channel-opacity\"\/>\n\n\n\n<p><strong>Adresse postale: <mark style=\"background-color:rgba(0, 0, 0, 0)\" class=\"has-inline-color has-luminous-vivid-orange-color\">US CAGNES VOLLEY-BALL &#8211; 10 AVE DES MAGNOLIAS &#8211; 06200 NICE<\/mark><\/strong><\/p>\n\n\n\n<p><strong>T\u00e9lephone: <\/strong><mark style=\"background-color:rgba(0, 0, 0, 0)\" class=\"has-inline-color has-luminous-vivid-orange-color\"><strong>04 22 135 138<\/strong><\/mark><\/p>\n\n\n\n<hr class=\"wp-block-separator has-alpha-channel-opacity\"\/>\n\n\n\n<p><mark style=\"background-color:rgba(0, 0, 0, 0)\" class=\"has-inline-color has-luminous-vivid-orange-color\"><strong>Secretariat &amp; comptabilit\u00e9 <\/strong><\/mark><\/p>\n\n\n\n<p>Sonia Delteil: <strong>uscagnes.volley@gmail.com<\/strong> <\/p>\n\n\n\n<hr class=\"wp-block-separator has-alpha-channel-opacity\"\/>\n\n\n\n<p><mark style=\"background-color:rgba(0, 0, 0, 0)\" class=\"has-inline-color has-luminous-vivid-orange-color\"><strong>Responsable entraineurs<\/strong><\/mark><\/p>\n\n\n\n<p>R\u00e9f\u00e9rente secteur f\u00e9minin: <\/p>\n\n\n\n<p>Vanessa Espin: vanessa.espin14@gmail.com<\/p>\n\n\n\n<p>R\u00e9f\u00e9rent secteur masculin:<\/p>\n\n\n\n<p>Iouri Boriskewitch: iouri7@yahoo.fr<\/p>\n\n\n\n<hr class=\"wp-block-separator has-alpha-channel-opacity\"\/>\n\n\n\n<p> <strong><mark style=\"background-color:rgba(0, 0, 0, 0)\" class=\"has-inline-color has-luminous-vivid-orange-color\">Pr\u00e9sident<\/mark><\/strong><\/p>\n\n\n\n<p>Laurent Hoff: <strong>president@cagnesvolley.com<\/strong><\/p>\n\n\n\n<hr class=\"wp-block-separator has-alpha-channel-opacity\"\/>\n","protected":false},"excerpt":{"rendered":"<p>Nous avons tous une activit\u00e9 professionnelle en dehors du club. Nous vous remercions de privil\u00e9gier les \u00e9changes par emails qui nous permettent de r\u00e9pondre&#8230; lorsque nous sommes disponibles. Adresse postale: US CAGNES VOLLEY-BALL &#8211; 10 AVE DES MAGNOLIAS &#8211; 06200 NICE T\u00e9lephone: 04 22 135 138 Secretariat &amp; comptabilit\u00e9 Sonia Delteil: uscagnes.volley@gmail.com Responsable entraineurs R\u00e9f\u00e9rente &hellip; <\/p>\n<p class=\"link-more\"><a href=\"https:\/\/cagnesvolley.com\/index.php\/vos-contacts-au-club\/\" class=\"more-link\">Lire la suite de<span class=\"screen-reader-text\">\u00ab\u00a0VOS CONTACTS AU CLUB\u00a0\u00bb<\/span><\/a><\/p>\n","protected":false},"author":1,"featured_media":0,"parent":0,"menu_order":0,"comment_status":"closed","ping_status":"closed","template":"","meta":{"footnotes":""},"class_list":["post-124","page","type-page","status-publish","hentry"],"_links":{"self":[{"href":"https:\/\/cagnesvolley.com\/index.php\/wp-json\/wp\/v2\/pages\/124","targetHints":{"allow":["GET"]}}],"collection":[{"href":"https:\/\/cagnesvolley.com\/index.php\/wp-json\/wp\/v2\/pages"}],"about":[{"href":"https:\/\/cagnesvolley.com\/index.php\/wp-json\/wp\/v2\/types\/page"}],"author":[{"embeddable":true,"href":"https:\/\/cagnesvolley.com\/index.php\/wp-json\/wp\/v2\/users\/1"}],"replies":[{"embeddable":true,"href":"https:\/\/cagnesvolley.com\/index.php\/wp-json\/wp\/v2\/comments?post=124"}],"version-history":[{"count":8,"href":"https:\/\/cagnesvolley.com\/index.php\/wp-json\/wp\/v2\/pages\/124\/revisions"}],"predecessor-version":[{"id":491,"href":"https:\/\/cagnesvolley.com\/index.php\/wp-json\/wp\/v2\/pages\/124\/revisions\/491"}],"wp:attachment":[{"href":"https:\/\/cagnesvolley.com\/index.php\/wp-json\/wp\/v2\/media?parent=124"}],"curies":[{"name":"wp","href":"https:\/\/api.w.org\/{rel}","templated":true}]}}